{"id":47,"date":"2021-09-13T15:33:59","date_gmt":"2021-09-13T15:33:59","guid":{"rendered":"http:\/\/hotelvilladelsol.com.ar\/2021\/?page_id=47"},"modified":"2021-11-30T15:21:57","modified_gmt":"2021-11-30T15:21:57","slug":"habitaciones","status":"publish","type":"page","link":"http:\/\/hotelvilladelsol.com.ar\/2021\/habitaciones\/","title":{"rendered":"Habitaciones"},"content":{"rendered":"<p>[et_pb_section fb_built=\u00bb1&#8243; custom_padding_last_edited=\u00bbon|tablet\u00bb admin_label=\u00bbPackages\u00bb _builder_version=\u00bb3.22&#8243; custom_padding=\u00bb110px||110px|\u00bb custom_padding_tablet=\u00bb0px||0px|\u00bb custom_padding_phone=\u00bb\u00bb global_colors_info=\u00bb{}\u00bb][et_pb_row custom_padding_last_edited=\u00bbon|phone\u00bb admin_label=\u00bbPackages Title\u00bb _builder_version=\u00bb3.25&#8243; custom_padding=\u00bb30px|0px|120px|0px\u00bb custom_padding_tablet=\u00bb60px||0px|\u00bb custom_padding_phone=\u00bb\u00bb locked=\u00bboff\u00bb global_colors_info=\u00bb{}\u00bb][et_pb_column type=\u00bb4_4&#8243; _builder_version=\u00bb3.25&#8243; custom_padding=\u00bb|||\u00bb global_colors_info=\u00bb{}\u00bb custom_padding__hover=\u00bb|||\u00bb][et_pb_text _builder_version=\u00bb3.27.4&#8243; text_font=\u00bb||||\u00bb text_text_color=\u00bb#1a1a1a\u00bb header_font=\u00bbOswald|on||on|\u00bb header_text_align=\u00bbcenter\u00bb header_font_size=\u00bb60px\u00bb header_line_height=\u00bb1.3em\u00bb module_alignment=\u00bbcenter\u00bb custom_margin=\u00bb|||\u00bb custom_padding=\u00bb|||\u00bb animation_style=\u00bbslide\u00bb animation_direction=\u00bbtop\u00bb animation_intensity_slide=\u00bb10%\u00bb locked=\u00bboff\u00bb global_colors_info=\u00bb{}\u00bb]<\/p>\n<h1>Nuestras Habitaciones<\/h1>\n<p>[\/et_pb_text][et_pb_divider color=\u00bb#ed4441&#8243; divider_position=\u00bbcenter\u00bb divider_weight=\u00bb3px\u00bb disabled_on=\u00bboff|off|off\u00bb _builder_version=\u00bb3.2&#8243; max_width=\u00bb150px\u00bb module_alignment=\u00bbcenter\u00bb height=\u00bbfalse\u00bb custom_margin=\u00bb30px|||\u00bb animation_style=\u00bbslide\u00bb animation_direction=\u00bbtop\u00bb animation_delay=\u00bb100ms\u00bb animation_intensity_slide=\u00bb10%\u00bb locked=\u00bboff\u00bb global_colors_info=\u00bb{}\u00bb][\/et_pb_divider][\/et_pb_column][\/et_pb_row][et_pb_row column_structure=\u00bb1_2,1_2&#8243; admin_label=\u00bbPackage\u00bb _builder_version=\u00bb3.25&#8243; background_size=\u00bbinitial\u00bb background_position=\u00bbtop_left\u00bb background_repeat=\u00bbrepeat\u00bb global_colors_info=\u00bb{}\u00bb][et_pb_column type=\u00bb1_2&#8243; _builder_version=\u00bb3.25&#8243; custom_padding=\u00bb|||\u00bb global_colors_info=\u00bb{}\u00bb custom_padding__hover=\u00bb|||\u00bb][et_pb_image src=\u00bbhttp:\/\/hotelvilladelsol.com.ar\/2021\/wp-content\/uploads\/2021\/10\/DSC0085.jpg\u00bb title_text=\u00bb_DSC0085&#8243; align_tablet=\u00bbcenter\u00bb align_phone=\u00bb\u00bb align_last_edited=\u00bbon|desktop\u00bb admin_label=\u00bbPackage Image\u00bb _builder_version=\u00bb4.10.4&#8243; animation_style=\u00bbfold\u00bb animation_direction=\u00bbright\u00bb animation_intensity_fold=\u00bb20%\u00bb global_colors_info=\u00bb{}\u00bb][\/et_pb_image][\/et_pb_column][et_pb_column type=\u00bb1_2&#8243; _builder_version=\u00bb3.25&#8243; custom_padding=\u00bb|||\u00bb global_colors_info=\u00bb{}\u00bb custom_padding__hover=\u00bb|||\u00bb][et_pb_text admin_label=\u00bbPackage Title\u00bb _builder_version=\u00bb4.10.4&#8243; text_font=\u00bbOswald||||\u00bb text_text_color=\u00bb#1a1a1a\u00bb text_font_size=\u00bb24px\u00bb background_size=\u00bbinitial\u00bb background_position=\u00bbtop_left\u00bb background_repeat=\u00bbrepeat\u00bb animation_style=\u00bbzoom\u00bb animation_direction=\u00bbleft\u00bb animation_intensity_zoom=\u00bb10%\u00bb global_colors_info=\u00bb{}\u00bb]<\/p>\n<p>Habitacion Standard<\/p>\n<p>[\/et_pb_text][et_pb_text admin_label=\u00bbDescription\u00bb _builder_version=\u00bb4.10.4&#8243; text_font=\u00bbRoboto||||\u00bb text_font_size=\u00bb16px\u00bb text_line_height=\u00bb1.8em\u00bb background_size=\u00bbinitial\u00bb background_position=\u00bbtop_left\u00bb background_repeat=\u00bbrepeat\u00bb animation_style=\u00bbzoom\u00bb animation_direction=\u00bbleft\u00bb animation_delay=\u00bb100ms\u00bb animation_intensity_zoom=\u00bb10%\u00bb global_colors_info=\u00bb{}\u00bb]<\/p>\n<p>Habitaciones equipadas con sommier, mesa de luz, televisi\u00f3n led por cable, ventilador de techo, calefacci\u00f3n tiro balanceado, secador de pelo.\u00a0<\/p>\n<p><span>Matrimonial, triple, cu\u00e1druple y qu\u00edntuple<\/span><\/p>\n<p>[\/et_pb_text][et_pb_toggle title=\u00bbServicios\u00bb _builder_version=\u00bb4.10.4&#8243; _module_preset=\u00bbdefault\u00bb global_colors_info=\u00bb{}\u00bb]<\/p>\n<table class=\"table table-striped mt30\">\n<tbody>\n<tr>\n<td>Ba\u00f1o Privado<\/td>\n<td><i class=\"fa fa-check-circle\"><\/i><span>\u00a0<\/span>TV por cable<\/td>\n<td><i class=\"fa fa-check-circle\"><\/i><span>\u00a0<\/span>Calefacci\u00f3n<\/td>\n<\/tr>\n<tr>\n<td><i class=\"fa fa-check-circle\"><\/i><span>\u00a0<\/span>Internet wifi<\/td>\n<td><i class=\"fa fa-check-circle\"><\/i><span>\u00a0<\/span>Secador de Cabello<\/td>\n<td><i class=\"fa fa-check-circle\"><\/i><span>\u00a0<\/span>Servicio de Mucama<\/td>\n<\/tr>\n<tr>\n<td><i class=\"fa fa-check-circle\"><\/i><span>\u00a0<\/span>Ventilador de Techo<\/td>\n<td><i class=\"fa fa-check-circle\"><\/i><span>\u00a0<\/span>Tarjeta de Iluminaci\u00f3n<\/td>\n<td><i class=\"fa fa-check-circle\"><\/i><span>\u00a0<\/span>Parque<\/td>\n<\/tr>\n<tr>\n<td><i class=\"fa fa-check-circle\"><\/i><span>\u00a0<\/span>Pileta exterior<\/td>\n<td><i class=\"fa fa-check-circle\"><\/i><span>\u00a0<\/span>Solarium<\/td>\n<td><\/td>\n<\/tr>\n<\/tbody>\n<\/table>\n<p>[\/et_pb_toggle][et_pb_button button_url=\u00bb@ET-DC@eyJkeW5hbWljIjp0cnVlLCJjb250ZW50IjoicG9zdF9saW5rX3VybF9wYWdlIiwic2V0dGluZ3MiOnsicG9zdF9pZCI6IjY1In19@\u00bb button_text=\u00bbConsultar\u00bb _builder_version=\u00bb4.10.4&#8243; _dynamic_attributes=\u00bbbutton_url\u00bb custom_button=\u00bbon\u00bb button_text_color=\u00bb#1a1a1a\u00bb button_border_color=\u00bb#1a1a1a\u00bb button_border_radius=\u00bb0px\u00bb button_letter_spacing=\u00bb4px\u00bb button_font=\u00bbOswald|on||on|\u00bb button_icon=\u00bb%%3%%\u00bb button_icon_color=\u00bb#1a1a1a\u00bb animation_style=\u00bbzoom\u00bb animation_direction=\u00bbleft\u00bb animation_delay=\u00bb300ms\u00bb animation_intensity_zoom=\u00bb10%\u00bb button_text_color_hover=\u00bb#1a1a1a\u00bb button_border_color_hover=\u00bb#1a1a1a\u00bb button_border_radius_hover=\u00bb0px\u00bb button_letter_spacing_hover=\u00bb4px\u00bb button_bg_color_hover=\u00bbrgba(0,0,0,0)\u00bb global_colors_info=\u00bb{}\u00bb button_text_size__hover_enabled=\u00bboff\u00bb button_one_text_size__hover_enabled=\u00bboff\u00bb button_two_text_size__hover_enabled=\u00bboff\u00bb button_text_color__hover_enabled=\u00bbon\u00bb button_text_color__hover=\u00bb#1a1a1a\u00bb button_one_text_color__hover_enabled=\u00bboff\u00bb button_two_text_color__hover_enabled=\u00bboff\u00bb button_border_width__hover_enabled=\u00bboff\u00bb button_one_border_width__hover_enabled=\u00bboff\u00bb button_two_border_width__hover_enabled=\u00bboff\u00bb button_border_color__hover_enabled=\u00bbon\u00bb button_border_color__hover=\u00bb#1a1a1a\u00bb button_one_border_color__hover_enabled=\u00bboff\u00bb button_two_border_color__hover_enabled=\u00bboff\u00bb button_border_radius__hover_enabled=\u00bbon\u00bb button_border_radius__hover=\u00bb0px\u00bb button_one_border_radius__hover_enabled=\u00bboff\u00bb button_two_border_radius__hover_enabled=\u00bboff\u00bb button_letter_spacing__hover_enabled=\u00bbon\u00bb button_letter_spacing__hover=\u00bb4px\u00bb button_one_letter_spacing__hover_enabled=\u00bboff\u00bb button_two_letter_spacing__hover_enabled=\u00bboff\u00bb button_bg_color__hover_enabled=\u00bbon\u00bb button_bg_color__hover=\u00bbrgba(0,0,0,0)\u00bb button_one_bg_color__hover_enabled=\u00bboff\u00bb button_two_bg_color__hover_enabled=\u00bboff\u00bb][\/et_pb_button][\/et_pb_column][\/et_pb_row][et_pb_row column_structure=\u00bb1_2,1_2&#8243; admin_label=\u00bbPackage\u00bb _builder_version=\u00bb3.25&#8243; background_size=\u00bbinitial\u00bb background_position=\u00bbtop_left\u00bb background_repeat=\u00bbrepeat\u00bb global_colors_info=\u00bb{}\u00bb][et_pb_column type=\u00bb1_2&#8243; _builder_version=\u00bb3.25&#8243; custom_padding=\u00bb|||\u00bb global_colors_info=\u00bb{}\u00bb custom_padding__hover=\u00bb|||\u00bb][et_pb_image src=\u00bbhttp:\/\/hotelvilladelsol.com.ar\/2021\/wp-content\/uploads\/2021\/10\/DSC0064.jpg\u00bb title_text=\u00bb_DSC0064&#8243; align_tablet=\u00bbcenter\u00bb align_phone=\u00bb\u00bb align_last_edited=\u00bbon|desktop\u00bb admin_label=\u00bbPackage Image\u00bb _builder_version=\u00bb4.10.4&#8243; animation_style=\u00bbfold\u00bb animation_direction=\u00bbright\u00bb animation_intensity_fold=\u00bb20%\u00bb global_colors_info=\u00bb{}\u00bb][\/et_pb_image][\/et_pb_column][et_pb_column type=\u00bb1_2&#8243; _builder_version=\u00bb3.25&#8243; custom_padding=\u00bb|||\u00bb global_colors_info=\u00bb{}\u00bb custom_padding__hover=\u00bb|||\u00bb][et_pb_text admin_label=\u00bbPackage Title\u00bb _builder_version=\u00bb4.10.4&#8243; text_font=\u00bbOswald||||\u00bb text_text_color=\u00bb#1a1a1a\u00bb text_font_size=\u00bb24px\u00bb background_size=\u00bbinitial\u00bb background_position=\u00bbtop_left\u00bb background_repeat=\u00bbrepeat\u00bb animation_style=\u00bbzoom\u00bb animation_direction=\u00bbleft\u00bb animation_intensity_zoom=\u00bb10%\u00bb global_colors_info=\u00bb{}\u00bb]<\/p>\n<p>Habitacion Superior<\/p>\n<p>[\/et_pb_text][et_pb_text admin_label=\u00bbDescription\u00bb _builder_version=\u00bb4.10.4&#8243; text_font=\u00bbRoboto||||\u00bb text_font_size=\u00bb16px\u00bb text_line_height=\u00bb1.8em\u00bb background_size=\u00bbinitial\u00bb background_position=\u00bbtop_left\u00bb background_repeat=\u00bbrepeat\u00bb animation_style=\u00bbzoom\u00bb animation_direction=\u00bbleft\u00bb animation_delay=\u00bb100ms\u00bb animation_intensity_zoom=\u00bb10%\u00bb global_colors_info=\u00bb{}\u00bb]<\/p>\n<p>Habitaciones amplias, equipadas con sommier, mesa de luz, televisi\u00f3n led por cable, aire acondicionado frio calor, secador de pelo.<\/p>\n<p><span>Matrimonial, triple y cu\u00e1druple<\/span>\u00a0<\/p>\n<p>[\/et_pb_text][et_pb_toggle title=\u00bbServicios\u00bb _builder_version=\u00bb4.10.4&#8243; _module_preset=\u00bbdefault\u00bb global_colors_info=\u00bb{}\u00bb]<\/p>\n<table class=\"table table-striped mt30\">\n<tbody>\n<tr>\n<td><i class=\"fa fa-check-circle\"><\/i><span>\u00a0<\/span>Ba\u00f1o Privado<\/td>\n<td><i class=\"fa fa-check-circle\"><\/i><span>\u00a0<\/span>TV LCD<\/td>\n<td><i class=\"fa fa-check-circle\"><\/i><span>\u00a0<\/span>Calefacci\u00f3n<\/td>\n<\/tr>\n<tr>\n<td><i class=\"fa fa-check-circle\"><\/i><span>\u00a0<\/span>Internet wifi<\/td>\n<td><i class=\"fa fa-check-circle\"><\/i><span>\u00a0<\/span>Secador de Cabello<\/td>\n<td><i class=\"fa fa-check-circle\"><\/i><span>\u00a0<\/span>Servicio de Mucama<\/td>\n<\/tr>\n<tr>\n<td><i class=\"fa fa-check-circle\"><\/i><span>\u00a0<\/span>Ventilador de Techo<\/td>\n<td><i class=\"fa fa-check-circle\"><\/i><span>\u00a0<\/span>Solarium<\/td>\n<td><i class=\"fa fa-check-circle\"><\/i><span>\u00a0<\/span><\/td>\n<\/tr>\n<tr>\n<td><i class=\"fa fa-check-circle\"><\/i><span>\u00a0<\/span>Pileta exterior<\/td>\n<td><i class=\"fa fa-check-circle\"><\/i><span>\u00a0<\/span>Amplios ambientes<\/td>\n<td><i class=\"fa fa-check-circle\"><\/i><span>\u00a0<\/span>Aire Acondicionado, Frio-Calor<\/td>\n<\/tr>\n<\/tbody>\n<\/table>\n<p>[\/et_pb_toggle][et_pb_button button_url=\u00bb@ET-DC@eyJkeW5hbWljIjp0cnVlLCJjb250ZW50IjoicG9zdF9saW5rX3VybF9wYWdlIiwic2V0dGluZ3MiOnsicG9zdF9pZCI6IjY1In19@\u00bb button_text=\u00bbConsultar\u00bb _builder_version=\u00bb4.10.4&#8243; _dynamic_attributes=\u00bbbutton_url\u00bb custom_button=\u00bbon\u00bb button_text_color=\u00bb#1a1a1a\u00bb button_border_color=\u00bb#1a1a1a\u00bb button_border_radius=\u00bb0px\u00bb button_letter_spacing=\u00bb4px\u00bb button_font=\u00bbOswald|on||on|\u00bb button_icon=\u00bb%%3%%\u00bb button_icon_color=\u00bb#1a1a1a\u00bb animation_style=\u00bbzoom\u00bb animation_direction=\u00bbleft\u00bb animation_delay=\u00bb300ms\u00bb animation_intensity_zoom=\u00bb10%\u00bb button_text_color_hover=\u00bb#1a1a1a\u00bb button_border_color_hover=\u00bb#1a1a1a\u00bb button_border_radius_hover=\u00bb0px\u00bb button_letter_spacing_hover=\u00bb4px\u00bb button_bg_color_hover=\u00bbrgba(0,0,0,0)\u00bb global_colors_info=\u00bb{}\u00bb button_text_size__hover_enabled=\u00bboff\u00bb button_one_text_size__hover_enabled=\u00bboff\u00bb button_two_text_size__hover_enabled=\u00bboff\u00bb button_text_color__hover_enabled=\u00bbon\u00bb button_text_color__hover=\u00bb#1a1a1a\u00bb button_one_text_color__hover_enabled=\u00bboff\u00bb button_two_text_color__hover_enabled=\u00bboff\u00bb button_border_width__hover_enabled=\u00bboff\u00bb button_one_border_width__hover_enabled=\u00bboff\u00bb button_two_border_width__hover_enabled=\u00bboff\u00bb button_border_color__hover_enabled=\u00bbon\u00bb button_border_color__hover=\u00bb#1a1a1a\u00bb button_one_border_color__hover_enabled=\u00bboff\u00bb button_two_border_color__hover_enabled=\u00bboff\u00bb button_border_radius__hover_enabled=\u00bbon\u00bb button_border_radius__hover=\u00bb0px\u00bb button_one_border_radius__hover_enabled=\u00bboff\u00bb button_two_border_radius__hover_enabled=\u00bboff\u00bb button_letter_spacing__hover_enabled=\u00bbon\u00bb button_letter_spacing__hover=\u00bb4px\u00bb button_one_letter_spacing__hover_enabled=\u00bboff\u00bb button_two_letter_spacing__hover_enabled=\u00bboff\u00bb button_bg_color__hover_enabled=\u00bbon\u00bb button_bg_color__hover=\u00bbrgba(0,0,0,0)\u00bb button_one_bg_color__hover_enabled=\u00bboff\u00bb button_two_bg_color__hover_enabled=\u00bboff\u00bb][\/et_pb_button][\/et_pb_column][\/et_pb_row][\/et_pb_section][et_pb_section fb_built=\u00bb1&#8243; custom_padding_last_edited=\u00bbon|phone\u00bb admin_label=\u00bbOffer\u00bb _builder_version=\u00bb4.10.4&#8243; background_color=\u00bbrgba(0,0,0,0.5)\u00bb background_image=\u00bbhttp:\/\/hotelvilladelsol.com.ar\/2021\/wp-content\/uploads\/2021\/09\/DSC0061.jpg\u00bb background_blend=\u00bbcolor\u00bb custom_padding=\u00bb120px||120px|\u00bb custom_padding_tablet=\u00bb80px||80px|\u00bb custom_padding_phone=\u00bb\u00bb locked=\u00bboff\u00bb global_colors_info=\u00bb{}\u00bb][\/et_pb_section]<\/p>\n","protected":false},"excerpt":{"rendered":"<p>Nuestras HabitacionesHabitacion StandardHabitaciones equipadas con sommier, mesa de luz, televisi\u00f3n led por cable, ventilador de techo, calefacci\u00f3n tiro balanceado, secador de pelo.\u00a0 Matrimonial, triple, cu\u00e1druple y qu\u00edntuple Ba\u00f1o Privado \u00a0TV por cable \u00a0Calefacci\u00f3n \u00a0Internet wifi \u00a0Secador de Cabello \u00a0Servicio de Mucama \u00a0Ventilador de Techo \u00a0Tarjeta de Iluminaci\u00f3n \u00a0Parque \u00a0Pileta exterior \u00a0Solarium Habitacion SuperiorHabitaciones amplias, equipadas [&hellip;]<\/p>\n","protected":false},"author":3,"featured_media":0,"parent":0,"menu_order":0,"comment_status":"closed","ping_status":"closed","template":"","meta":{"_et_pb_use_builder":"on","_et_pb_old_content":"","_et_gb_content_width":"","footnotes":""},"class_list":["post-47","page","type-page","status-publish","hentry"],"_links":{"self":[{"href":"http:\/\/hotelvilladelsol.com.ar\/2021\/wp-json\/wp\/v2\/pages\/47","targetHints":{"allow":["GET"]}}],"collection":[{"href":"http:\/\/hotelvilladelsol.com.ar\/2021\/wp-json\/wp\/v2\/pages"}],"about":[{"href":"http:\/\/hotelvilladelsol.com.ar\/2021\/wp-json\/wp\/v2\/types\/page"}],"author":[{"embeddable":true,"href":"http:\/\/hotelvilladelsol.com.ar\/2021\/wp-json\/wp\/v2\/users\/3"}],"replies":[{"embeddable":true,"href":"http:\/\/hotelvilladelsol.com.ar\/2021\/wp-json\/wp\/v2\/comments?post=47"}],"version-history":[{"count":8,"href":"http:\/\/hotelvilladelsol.com.ar\/2021\/wp-json\/wp\/v2\/pages\/47\/revisions"}],"predecessor-version":[{"id":319,"href":"http:\/\/hotelvilladelsol.com.ar\/2021\/wp-json\/wp\/v2\/pages\/47\/revisions\/319"}],"wp:attachment":[{"href":"http:\/\/hotelvilladelsol.com.ar\/2021\/wp-json\/wp\/v2\/media?parent=47"}],"curies":[{"name":"wp","href":"https:\/\/api.w.org\/{rel}","templated":true}]}}